{"id":2274,"date":"2014-11-11T11:14:05","date_gmt":"2014-11-11T11:14:05","guid":{"rendered":"http:\/\/anpsthemes.com\/constructo\/?page_id=11"},"modified":"2022-11-30T00:01:56","modified_gmt":"2022-11-29T23:01:56","slug":"about-us","status":"publish","type":"page","link":"https:\/\/scandicorp.com\/fi\/yleista\/","title":{"rendered":"Yleist\u00e4"},"content":{"rendered":"<p>[vc_row][vc_column width=&#8221;1\/2&#8243;][vc_column_text]<\/p>\n<h2>SCANDICORP GROUP<\/h2>\n<p>Scandicorp on pohjoismaalainen asiantuntija joka on erikoistunut r\u00e4\u00e4t\u00e4l\u00f6ityihin yritysratkaisuihin ja yhti\u00f6iden hallintopalvelujen j\u00e4rjest\u00e4miseen. Autamme sek\u00e4 kansainv\u00e4lisi\u00e4 ett\u00e4 paikallisia asiakkaita kehitt\u00e4m\u00e4\u00e4n yritystoimintaansa Pohjoismaissa sek\u00e4 my\u00f6s muualle Eurooppaan. Erityisesti pyrimme l\u00f6yt\u00e4m\u00e4\u00e4n ratkaisuja asiakkaan yksil\u00f6llisten toivomusten perusteella, kiinnitt\u00e4en huomiota laillisuuteen sek\u00e4 hyviin tapoihin. Scandicorp pyrkii liiketoiminnassaan uudenlaiseen ja l\u00e4pin\u00e4kyv\u00e4\u00e4n l\u00e4hestymistapaan kaikissa asiakassuhteissa sek\u00e4 pyrkii olemaan luotettava yhteisty\u00f6kumppani sek\u00e4 yksityishenkil\u00f6ille ett\u00e4 yrityksille jotka suunnitelevat yritystoiminnan perustamista tai laajentamista Pohjoismaissa.[\/vc_column_text][vc_empty_space][vc_column_text el_id=&#8221;Our Business Concept&#8221;]<\/p>\n<h2>LIIKEIDEAMME<\/h2>\n<p>Scandicorpin perustajilla ja johdolla on vankka tausta ja kokemus verosuunnittelussa, yhti\u00f6iden hallintoasioissa sek\u00e4 rahoituksen eri aloilla.<br \/>\nLiikeideamme perustuu siihen ett\u00e4 uskomme ett\u00e4 Pohjoismaissa on alitarjontaa tarjoamallemme palvelukokonaisuudelle, varsinkin yhdelt\u00e4 ja samalta taholta. Se ett\u00e4 pohjoismaisissa kieliss\u00e4 ei l\u00f6ydy hyv\u00e4\u00e4 k\u00e4\u00e4nn\u00f6st\u00e4 englanninkieliselle termille \u201cCorporate Services Provider\u201d tukee v\u00e4itt\u00e4m\u00e4\u00e4mme.<br \/>\nMaailma on muuttunut pienemm\u00e4ksi ja rajoja ylitt\u00e4v\u00e4st\u00e4 liiketoiminnasta sek\u00e4 tehokkaista yritystoiminnan rakenteista on tullut kansainv\u00e4lisen liiketoiminnan olennaisia osia. Pyrimme olemaan ensisijainen valinta yhteisty\u00f6kumppaniksi sek\u00e4 kansainv\u00e4lisille asiakkaille, jotka suunnittelevat etabloitumista Pohjoismaihin ett\u00e4 paikallisille yrityksille joilla on kansainv\u00e4listymishankkeita.<br \/>\nKansainv\u00e4lisille asiakkaillemme pyrimme tarjoamaan sujuvaa p\u00e4\u00e4sy\u00e4 pohjoismaisille markkinoille. Tarkoituksenamme on auttaa asiakkaitamme l\u00e4pi yrityksen elinkaaren, perustamisesta kasvun kautta lopullisiin exit-strategioihin.[\/vc_column_text][\/vc_column][vc_column width=&#8221;1\/2&#8243;][vc_column_text]<\/p>\n<h2>YRITYSPALVELUT<\/h2>\n<p>Olemme keskittyneet rakentamaan ja vaalimaan vahvoja ja pitk\u00e4aikaisia suhteita. Pyrimme yksil\u00f6llisiin l\u00e4hestymistapoihin sek\u00e4 pitk\u00e4n aikav\u00e4lin n\u00e4k\u00f6kulmaan kaikissa asiakassuhteissamme. Tuemme teit\u00e4 kaikessa yhti\u00f6iden perustamiseen sek\u00e4 hallinnon j\u00e4rjest\u00e4miseen liittyviss\u00e4 asioissa, riippumatta miss\u00e4 p\u00e4in maailmaa satutte olemaan. Alkaen yrityksen perustamisesta ja sen yleis- ja taloushallinnon j\u00e4rjest\u00e4misest\u00e4 p\u00e4\u00e4sette hy\u00f6dynt\u00e4m\u00e4\u00e4n kansainv\u00e4list\u00e4 verkostoamme sek\u00e4 henkil\u00f6kohtaista ja k\u00e4yt\u00e4nn\u00f6llist\u00e4 l\u00e4hestymistapaamme.<\/p>\n<ul>\n<li>Perustaminen ja t\u00e4yt\u00e4\u00e4nt\u00f6\u00f6npano<\/li>\n<li>Osoite- ja hallinto<\/li>\n<li>Viranomaisyhteydet<\/li>\n<li>Taloushallinto ja raportointi<\/li>\n<\/ul>\n<p>[\/vc_column_text][vc_empty_space][vc_column_text]<\/p>\n<h2>VAPAUS KESKITTY\u00c4 YDINTOMINTOIHINNE<\/h2>\n<p>Asiakkaamme voivat keskitty\u00e4 tuottaviin ydintoimintoihin ja luovuttaa meille paikallisen hallinnon, kirjanpidon sek\u00e4 maakohtaiset teht\u00e4v\u00e4t.[\/vc_column_text][vc_empty_space][vc_column_text]<\/p>\n<h2>AMMATTILAISEMME PALVELEVAT<\/h2>\n<p>Yrityspalvelumme perustuvat tarkasti valikoituihin ammattilaisiin joilla on kokemusta ja osaamista eri aloilta. Pyrimme j\u00e4rjest\u00e4m\u00e4\u00e4n asiakkaille yhden kontaktihenkil\u00f6n p\u00e4ivitt\u00e4isten asioiden hoitamista varten. Pyrimme my\u00f6s pit\u00e4m\u00e4\u00e4n asiakkaamme neuvonantajineen ajan tasalla kehityksist\u00e4 varmistaaksemme ett\u00e4 asiakas saa odotetun laatuista palvelua. Pyrimme sopimaan asiakkaittemme ja yhteisty\u00f6kumppaneittemee kanssa s\u00e4\u00e4nn\u00f6llisist\u00e4 palautekeskusteluista osana liiketoimintaprosessiamme.[\/vc_column_text][\/vc_column][\/vc_row][vc_row css=&#8221;.vc_custom_1430742384950{padding-top: 30px !important;padding-bottom: 70px !important;}&#8221; has_content=&#8221;true&#8221;][vc_column][vc_column_text]<\/p>\n<h2>TEAM<\/h2>\n<p>[\/vc_column_text][vc_empty_space]<div class='row'><div class='col-lg-4 col-sm-4'><div class='team'><header><img loading=\"lazy\" decoding=\"async\" width=\"300\" height=\"300\" src=\"https:\/\/scandicorp.com\/wp-content\/uploads\/2014\/12\/till-sahlgren.png\" class=\"attachment-team-3 size-team-3 wp-post-image\" alt=\"\" srcset=\"https:\/\/scandicorp.com\/wp-content\/uploads\/2014\/12\/till-sahlgren.png 300w, https:\/\/scandicorp.com\/wp-content\/uploads\/2014\/12\/till-sahlgren-150x150.png 150w\" sizes=\"auto, (max-width: 300px) 100vw, 300px\" \/><\/header><h2>Till Sahlgren<\/h2><em>Business Development Director<\/em><\/div><\/div><\/div>[\/vc_column][\/vc_row][vc_row][vc_column][vc_empty_space][\/vc_column][\/vc_row][vc_row][vc_column width=&#8221;1\/2&#8243;][vc_column_text]<\/p>\n<h2>YKSI JA SAMA YHTEYSPISTE MONEEN MAAHAN<\/h2>\n<p>Mik\u00e4li Scandicorpin asiakkaana tarvitset palveluja monessa eri maissa, voit hy\u00f6dynt\u00e4\u00e4 mahdollisuutta k\u00e4ytt\u00e4\u00e4 ainoastaan yht\u00e4 kontaktia kaikkia Scandicorp asioita varten. Yksi puhelu hoitaa kaikki asiasi aikavy\u00f6hykkeest\u00e4 tai kielest\u00e4 riippumatta.[\/vc_column_text][vc_empty_space][vc_column_text]<\/p>\n<h2>MEIT\u00c4 YHDISTET\u00c4\u00c4N AMMATTILAISUUTEEN, ASIANTUNTEMUKSEEN SEK\u00c4 REAGOINTIKYKYYMME<\/h2>\n<p>Ammattilaisillamme on ty\u00f6kokemusta isoista kansallisista sek\u00e4 kansainv\u00e4lisist\u00e4 vero-, laki- ja tilitoimistoista. Meilt\u00e4 l\u00f6ytyy osaamista GAAP, IAS sek\u00e4 IFRS kirjanpitostandardeihin kuten my\u00f6s konsolidoituihin tilinp\u00e4\u00e4t\u00f6ksiin.<\/p>\n<p>[\/vc_column_text][vc_empty_space][vc_column_text]<\/p>\n<h2>TINKIM\u00c4T\u00d6N REHELLISYYS<\/h2>\n<p>Koska meill\u00e4 on monta asiakasta, yhteisty\u00f6kumppaneita, ty\u00f6ntekij\u00f6it\u00e4 sek\u00e4 viranomaisia eri pohjoismaissa, jokainen p\u00e4iv\u00e4 tuo uusia haasteita ja mahdollisuuksia. Yksi asia on kuitenkin pysyv\u00e4: Liiketoimintamme p\u00e4\u00e4t\u00f6ksenteko perustuu rehellisyyteen. Toimintamme on oltava sek\u00e4 eettisesti kest\u00e4v\u00e4\u00e4 ett\u00e4 soveltua lakis\u00e4\u00e4teisiin vaatimuksiin. Oman alamme johtavana tekij\u00e4n\u00e4 pyrimme pit\u00e4m\u00e4\u00e4n itse\u00e4mme korkealla tasolla tiukan sis\u00e4isen valvonnan voimalla. T\u00e4m\u00e4 on osa historiaamme sek\u00e4 ydinkulttuuriamme.[\/vc_column_text][\/vc_column][vc_column width=&#8221;1\/2&#8243;][vc_column_text]<\/p>\n<h2>KASVUA KEST\u00c4V\u00c4N LIIKETOIMINTAMALLIN MUKAISESTI<\/h2>\n<p>Scandicorpin liiketoimintastrategiat perustuvat pitk\u00e4n aikav\u00e4lin talous-, ymp\u00e4rist\u00f6- sek\u00e4 sosiaalisiin n\u00e4k\u00f6kohtien huomioonottamiseen kansainv\u00e4lisess\u00e4 kilpailussa sek\u00e4 tuotemerkkimme rakentamisessa. Olemme t\u00e4ytt\u00e4neet osakkeenomistajien tuottovaatimukset, odotukset pitk\u00e4n aikav\u00e4lin kasvusta, sek\u00e4 luotettavasta kirjanpidosta. Vaalimme asiakasuskollisuutta tarjoamalla henkil\u00f6kohtaista palvelua nopealla reagointikyvyll\u00e4.[\/vc_column_text][vc_empty_space][vc_column_text]<\/p>\n<h2>L\u00c4PIN\u00c4KYVYYS<\/h2>\n<p>Nyky\u00e4\u00e4n kun kaiken on oltava l\u00e4pin\u00e4kyv\u00e4\u00e4 ja sijoittajan on allekirjoitettava lukemansa, on t\u00e4rke\u00e4\u00e4 ett\u00e4 sijoittajat saavat tarkan, oikean ja ymm\u00e4rrett\u00e4v\u00e4n tiedon ja raportoinnin.[\/vc_column_text][vc_empty_space][vc_column_text]<\/p>\n<h2>YHTEISTY\u00d6KUMPPANI<\/h2>\n<p>Olemme t\u00e4\u00e4ll\u00e4 auttaaksemme teit\u00e4 onnistumaan jakaamalla parasta osaamistamme, paikallistuntemustamme sek\u00e4 kulttuurierojen ymm\u00e4rryst\u00e4. Pyrimme tarjoamaan asiantuntemusta ja lis\u00e4arvoa asiakkaittemme yksil\u00f6llisten toivomusten mukaisesti. Toimimme huolellisesti asiakkaita kohtaan ja olemme niihin p\u00e4in vastuussa ty\u00f6skentelymme tuloksesta ja laadusta, tiimity\u00f6n johdosta.[\/vc_column_text][\/vc_column][\/vc_row]<\/p>","protected":false},"excerpt":{"rendered":"<p>[vc_row][vc_column width=&#8221;1\/2&#8243;][vc_column_text] SCANDICORP GROUP Scandicorp on pohjoismaalainen asiantuntija joka on erikoistunut r\u00e4\u00e4t\u00e4l\u00f6ityihin yritysratkaisuihin ja yhti\u00f6iden hallintopalvelujen j\u00e4rjest\u00e4miseen. Autamme sek\u00e4 kansainv\u00e4lisi\u00e4 ett\u00e4 paikallisia asiakkaita kehitt\u00e4m\u00e4\u00e4n yritystoimintaansa Pohjoismaissa sek\u00e4 my\u00f6s muualle Eurooppaan. Erityisesti pyrimme l\u00f6yt\u00e4m\u00e4\u00e4n ratkaisuja asiakkaan yksil\u00f6llisten toivomusten perusteella, kiinnitt\u00e4en huomiota&#8230;<\/p>\n","protected":false},"author":2,"featured_media":0,"parent":0,"menu_order":8,"comment_status":"closed","ping_status":"closed","template":"","meta":{"content-type":"","inline_featured_image":false,"_exactmetrics_skip_tracking":false,"_exactmetrics_sitenote_active":false,"_exactmetrics_sitenote_note":"","_exactmetrics_sitenote_category":0,"footnotes":""},"class_list":["post-2274","page","type-page","status-publish","hentry"],"rankMath":{"parentDomain":"scandicorp.com","noFollowDomains":[],"noFollowExcludeDomains":[],"noFollowExternalLinks":false,"featuredImageNotice":"The featured image should be at least 200 by 200 pixels to be picked up by Facebook and other social media sites.","pluginReviewed":false,"postSettings":{"linkSuggestions":true,"useFocusKeyword":false},"frontEndScore":false,"postName":"till-sahlgren","permalinkFormat":"https:\/\/scandicorp.com\/fi\/team\/%team%\/","showLockModifiedDate":true,"assessor":{"focusKeywordLink":"https:\/\/scandicorp.com\/wp-admin\/edit.php?focus_keyword=%focus_keyword%&post_type=%post_type%","hasTOCPlugin":false,"primaryTaxonomy":false,"serpData":{"title":"","description":"","focusKeywords":"","pillarContent":false,"canonicalUrl":"","breadcrumbTitle":"","advancedRobots":[],"facebookTitle":"","facebookDescription":"","facebookImage":"","facebookImageID":"","facebookHasOverlay":false,"facebookImageOverlay":"","facebookAuthor":"","twitterCardType":"","twitterUseFacebook":true,"twitterTitle":"","twitterDescription":"","twitterImage":"","twitterImageID":"","twitterHasOverlay":false,"twitterImageOverlay":"","twitterPlayerUrl":"","twitterPlayerSize":"","twitterPlayerStream":"","twitterPlayerStreamCtype":"","twitterAppDescription":"","twitterAppIphoneName":"","twitterAppIphoneID":"","twitterAppIphoneUrl":"","twitterAppIpadName":"","twitterAppIpadID":"","twitterAppIpadUrl":"","twitterAppGoogleplayName":"","twitterAppGoogleplayID":"","twitterAppGoogleplayUrl":"","twitterAppCountry":"","robots":{"index":true},"twitterAuthor":"username","primaryTerm":0,"authorName":"Andrea Jav\u00e9n","titleTemplate":"%title% %sep% %sitename%","descriptionTemplate":"%excerpt%","showScoreFrontend":true,"lockModifiedDate":false},"powerWords":["uskomaton","h\u00e4mm\u00e4stytt\u00e4v\u00e4","ihmeellinen","ainutlaatuinen","kaunis","onnellisuus","loistava","kiehtova","karismaattinen","j\u00e4rkytt\u00e4v\u00e4","selke\u00e4","t\u00e4ysin","luottamuksellinen","luottamus","merkitt\u00e4v\u00e4","luova","ehdottomasti","herkullinen","todistaa","kiirehdi","p\u00e4\u00e4tt\u00e4v\u00e4inen","arvokas","dynaaminen","vaikuttava","v\u00e4ltt\u00e4m\u00e4t\u00f6n","inspiroiva","innovatiivinen","intensiivinen","tehokas","taianomainen","mahtava","historiallinen","t\u00e4rke\u00e4","uskomaton","v\u00e4ltt\u00e4m\u00e4t\u00f6n","unohtumaton","vastustamaton","legendaarinen","valoisa","ylellisyys","taianomainen","mahtava","majesteettinen","ikimuistoinen","ihmeellinen","ihmeellinen","motivoi","tarpeellinen","uusi","virallinen","t\u00e4ydellinen","intohimoinen","vakuuttava","ilmi\u00f6m\u00e4inen","ilo","suosittu","voima","arvostettu","ihmeellinen","syv\u00e4llinen","vauras","voimakas","laatu","s\u00e4teilev\u00e4","nopea","menestys","vallankumouksellinen","tyytyv\u00e4inen","turvallisuus","sensaatio","rauhallinen","ylellinen","loistava","jalo","yll\u00e4tt\u00e4v\u00e4","lahjakas","pelottava","ainutlaatuinen","arvo","eloisa","voittoisa","el\u00e4v\u00e4","todella","innostunut","aitoa","seikkailunhaluinen","upea","ainutlaatuinen","taattu","erityinen","fiksu","loistava","suuri","ilmainen","taitava","rajaton","virheet\u00f6n","pett\u00e4m\u00e4t\u00f6n","loputon","vaikutusvaltainen","nokkelia","ikimuistoinen","korvaamaton","johtaja","mestari","huomattava","uusi","uraauurtava","voimakas","tunnustettu","vallankumouksellinen","yll\u00e4tt\u00e4v\u00e4","ylivoimainen","voittoisa","ultra","rohkea","arvokas","edistyksellinen","voimakas","n\u00e4kemyksellinen","tahto","elint\u00e4rke\u00e4","voitto","kunniallinen","pys\u00e4ytt\u00e4m\u00e4t\u00f6n","verraton","\u00e4lyk\u00e4s","voittamaton","vapaus","ylpeys","rauha","edistys","uudistettu","viisaus","tyydytys","turvallinen","rauhallisuus","ylitys","lahjakkuus","ylitt\u00e4\u00e4","muutoksen","rohkeus","voitto"],"diacritics":{"A":"[\\u0041\\u24B6\\uFF21\\u00C0\\u00C1\\u00C2\\u1EA6\\u1EA4\\u1EAA\\u1EA8\\u00C3\\u0100\\u0102\\u1EB0\\u1EAE\\u1EB4\\u1EB2\\u0226\\u01E0\\u00C4\\u01DE\\u1EA2\\u00C5\\u01FA\\u01CD\\u0200\\u0202\\u1EA0\\u1EAC\\u1EB6\\u1E00\\u0104\\u023A\\u2C6F]","AA":"[\\uA732]","AE":"[\\u00C6\\u01FC\\u01E2]","AO":"[\\uA734]","AU":"[\\uA736]","AV":"[\\uA738\\uA73A]","AY":"[\\uA73C]","B":"[\\u0042\\u24B7\\uFF22\\u1E02\\u1E04\\u1E06\\u0243\\u0182\\u0181]","C":"[\\u0043\\u24B8\\uFF23\\u0106\\u0108\\u010A\\u010C\\u00C7\\u1E08\\u0187\\u023B\\uA73E]","D":"[\\u0044\\u24B9\\uFF24\\u1E0A\\u010E\\u1E0C\\u1E10\\u1E12\\u1E0E\\u0110\\u018B\\u018A\\u0189\\uA779]","DZ":"[\\u01F1\\u01C4]","Dz":"[\\u01F2\\u01C5]","E":"[\\u0045\\u24BA\\uFF25\\u00C8\\u00C9\\u00CA\\u1EC0\\u1EBE\\u1EC4\\u1EC2\\u1EBC\\u0112\\u1E14\\u1E16\\u0114\\u0116\\u00CB\\u1EBA\\u011A\\u0204\\u0206\\u1EB8\\u1EC6\\u0228\\u1E1C\\u0118\\u1E18\\u1E1A\\u0190\\u018E]","F":"[\\u0046\\u24BB\\uFF26\\u1E1E\\u0191\\uA77B]","G":"[\\u0047\\u24BC\\uFF27\\u01F4\\u011C\\u1E20\\u011E\\u0120\\u01E6\\u0122\\u01E4\\u0193\\uA7A0\\uA77D\\uA77E]","H":"[\\u0048\\u24BD\\uFF28\\u0124\\u1E22\\u1E26\\u021E\\u1E24\\u1E28\\u1E2A\\u0126\\u2C67\\u2C75\\uA78D]","I":"[\\u0049\\u24BE\\uFF29\\u00CC\\u00CD\\u00CE\\u0128\\u012A\\u012C\\u0130\\u00CF\\u1E2E\\u1EC8\\u01CF\\u0208\\u020A\\u1ECA\\u012E\\u1E2C\\u0197]","J":"[\\u004A\\u24BF\\uFF2A\\u0134\\u0248]","K":"[\\u004B\\u24C0\\uFF2B\\u1E30\\u01E8\\u1E32\\u0136\\u1E34\\u0198\\u2C69\\uA740\\uA742\\uA744\\uA7A2]","L":"[\\u004C\\u24C1\\uFF2C\\u013F\\u0139\\u013D\\u1E36\\u1E38\\u013B\\u1E3C\\u1E3A\\u0141\\u023D\\u2C62\\u2C60\\uA748\\uA746\\uA780]","LJ":"[\\u01C7]","Lj":"[\\u01C8]","M":"[\\u004D\\u24C2\\uFF2D\\u1E3E\\u1E40\\u1E42\\u2C6E\\u019C]","N":"[\\u004E\\u24C3\\uFF2E\\u01F8\\u0143\\u00D1\\u1E44\\u0147\\u1E46\\u0145\\u1E4A\\u1E48\\u0220\\u019D\\uA790\\uA7A4]","NJ":"[\\u01CA]","Nj":"[\\u01CB]","O":"[\\u004F\\u24C4\\uFF2F\\u00D2\\u00D3\\u00D4\\u1ED2\\u1ED0\\u1ED6\\u1ED4\\u00D5\\u1E4C\\u022C\\u1E4E\\u014C\\u1E50\\u1E52\\u014E\\u022E\\u0230\\u00D6\\u022A\\u1ECE\\u0150\\u01D1\\u020C\\u020E\\u01A0\\u1EDC\\u1EDA\\u1EE0\\u1EDE\\u1EE2\\u1ECC\\u1ED8\\u01EA\\u01EC\\u00D8\\u01FE\\u0186\\u019F\\uA74A\\uA74C]","OI":"[\\u01A2]","OO":"[\\uA74E]","OU":"[\\u0222]","P":"[\\u0050\\u24C5\\uFF30\\u1E54\\u1E56\\u01A4\\u2C63\\uA750\\uA752\\uA754]","Q":"[\\u0051\\u24C6\\uFF31\\uA756\\uA758\\u024A]","R":"[\\u0052\\u24C7\\uFF32\\u0154\\u1E58\\u0158\\u0210\\u0212\\u1E5A\\u1E5C\\u0156\\u1E5E\\u024C\\u2C64\\uA75A\\uA7A6\\uA782]","S":"[\\u0053\\u24C8\\uFF33\\u1E9E\\u015A\\u1E64\\u015C\\u1E60\\u0160\\u1E66\\u1E62\\u1E68\\u0218\\u015E\\u2C7E\\uA7A8\\uA784]","T":"[\\u0054\\u24C9\\uFF34\\u1E6A\\u0164\\u1E6C\\u021A\\u0162\\u1E70\\u1E6E\\u0166\\u01AC\\u01AE\\u023E\\uA786]","TZ":"[\\uA728]","U":"[\\u0055\\u24CA\\uFF35\\u00D9\\u00DA\\u00DB\\u0168\\u1E78\\u016A\\u1E7A\\u016C\\u00DC\\u01DB\\u01D7\\u01D5\\u01D9\\u1EE6\\u016E\\u0170\\u01D3\\u0214\\u0216\\u01AF\\u1EEA\\u1EE8\\u1EEE\\u1EEC\\u1EF0\\u1EE4\\u1E72\\u0172\\u1E76\\u1E74\\u0244]","V":"[\\u0056\\u24CB\\uFF36\\u1E7C\\u1E7E\\u01B2\\uA75E\\u0245]","VY":"[\\uA760]","W":"[\\u0057\\u24CC\\uFF37\\u1E80\\u1E82\\u0174\\u1E86\\u1E84\\u1E88\\u2C72]","X":"[\\u0058\\u24CD\\uFF38\\u1E8A\\u1E8C]","Y":"[\\u0059\\u24CE\\uFF39\\u1EF2\\u00DD\\u0176\\u1EF8\\u0232\\u1E8E\\u0178\\u1EF6\\u1EF4\\u01B3\\u024E\\u1EFE]","Z":"[\\u005A\\u24CF\\uFF3A\\u0179\\u1E90\\u017B\\u017D\\u1E92\\u1E94\\u01B5\\u0224\\u2C7F\\u2C6B\\uA762]","a":"[\\u0061\\u24D0\\uFF41\\u1E9A\\u00E0\\u00E1\\u00E2\\u1EA7\\u1EA5\\u1EAB\\u1EA9\\u00E3\\u0101\\u0103\\u1EB1\\u1EAF\\u1EB5\\u1EB3\\u0227\\u01E1\\u00E4\\u01DF\\u1EA3\\u00E5\\u01FB\\u01CE\\u0201\\u0203\\u1EA1\\u1EAD\\u1EB7\\u1E01\\u0105\\u2C65\\u0250]","aa":"[\\uA733]","ae":"[\\u00E6\\u01FD\\u01E3]","ao":"[\\uA735]","au":"[\\uA737]","av":"[\\uA739\\uA73B]","ay":"[\\uA73D]","b":"[\\u0062\\u24D1\\uFF42\\u1E03\\u1E05\\u1E07\\u0180\\u0183\\u0253]","c":"[\\u0063\\u24D2\\uFF43\\u0107\\u0109\\u010B\\u010D\\u00E7\\u1E09\\u0188\\u023C\\uA73F\\u2184]","d":"[\\u0064\\u24D3\\uFF44\\u1E0B\\u010F\\u1E0D\\u1E11\\u1E13\\u1E0F\\u0111\\u018C\\u0256\\u0257\\uA77A]","dz":"[\\u01F3\\u01C6]","e":"[\\u0065\\u24D4\\uFF45\\u00E8\\u00E9\\u00EA\\u1EC1\\u1EBF\\u1EC5\\u1EC3\\u1EBD\\u0113\\u1E15\\u1E17\\u0115\\u0117\\u00EB\\u1EBB\\u011B\\u0205\\u0207\\u1EB9\\u1EC7\\u0229\\u1E1D\\u0119\\u1E19\\u1E1B\\u0247\\u025B\\u01DD]","f":"[\\u0066\\u24D5\\uFF46\\u1E1F\\u0192\\uA77C]","g":"[\\u0067\\u24D6\\uFF47\\u01F5\\u011D\\u1E21\\u011F\\u0121\\u01E7\\u0123\\u01E5\\u0260\\uA7A1\\u1D79\\uA77F]","h":"[\\u0068\\u24D7\\uFF48\\u0125\\u1E23\\u1E27\\u021F\\u1E25\\u1E29\\u1E2B\\u1E96\\u0127\\u2C68\\u2C76\\u0265]","hv":"[\\u0195]","i":"[\\u0069\\u24D8\\uFF49\\u00EC\\u00ED\\u00EE\\u0129\\u012B\\u012D\\u00EF\\u1E2F\\u1EC9\\u01D0\\u0209\\u020B\\u1ECB\\u012F\\u1E2D\\u0268\\u0131]","j":"[\\u006A\\u24D9\\uFF4A\\u0135\\u01F0\\u0249]","k":"[\\u006B\\u24DA\\uFF4B\\u1E31\\u01E9\\u1E33\\u0137\\u1E35\\u0199\\u2C6A\\uA741\\uA743\\uA745\\uA7A3]","l":"[\\u006C\\u24DB\\uFF4C\\u0140\\u013A\\u013E\\u1E37\\u1E39\\u013C\\u1E3D\\u1E3B\\u017F\\u0142\\u019A\\u026B\\u2C61\\uA749\\uA781\\uA747]","lj":"[\\u01C9]","m":"[\\u006D\\u24DC\\uFF4D\\u1E3F\\u1E41\\u1E43\\u0271\\u026F]","n":"[\\u006E\\u24DD\\uFF4E\\u01F9\\u0144\\u00F1\\u1E45\\u0148\\u1E47\\u0146\\u1E4B\\u1E49\\u019E\\u0272\\u0149\\uA791\\uA7A5]","nj":"[\\u01CC]","o":"[\\u006F\\u24DE\\uFF4F\\u00F2\\u00F3\\u00F4\\u1ED3\\u1ED1\\u1ED7\\u1ED5\\u00F5\\u1E4D\\u022D\\u1E4F\\u014D\\u1E51\\u1E53\\u014F\\u022F\\u0231\\u00F6\\u022B\\u1ECF\\u0151\\u01D2\\u020D\\u020F\\u01A1\\u1EDD\\u1EDB\\u1EE1\\u1EDF\\u1EE3\\u1ECD\\u1ED9\\u01EB\\u01ED\\u00F8\\u01FF\\u0254\\uA74B\\uA74D\\u0275]","oi":"[\\u01A3]","ou":"[\\u0223]","oo":"[\\uA74F]","p":"[\\u0070\\u24DF\\uFF50\\u1E55\\u1E57\\u01A5\\u1D7D\\uA751\\uA753\\uA755]","q":"[\\u0071\\u24E0\\uFF51\\u024B\\uA757\\uA759]","r":"[\\u0072\\u24E1\\uFF52\\u0155\\u1E59\\u0159\\u0211\\u0213\\u1E5B\\u1E5D\\u0157\\u1E5F\\u024D\\u027D\\uA75B\\uA7A7\\uA783]","s":"[\\u0073\\u24E2\\uFF53\\u015B\\u1E65\\u015D\\u1E61\\u0161\\u1E67\\u1E63\\u1E69\\u0219\\u015F\\u023F\\uA7A9\\uA785\\u1E9B]","ss":"[\\u00DF]","t":"[\\u0074\\u24E3\\uFF54\\u1E6B\\u1E97\\u0165\\u1E6D\\u021B\\u0163\\u1E71\\u1E6F\\u0167\\u01AD\\u0288\\u2C66\\uA787]","tz":"[\\uA729]","u":"[\\u0075\\u24E4\\uFF55\\u00F9\\u00FA\\u00FB\\u0169\\u1E79\\u016B\\u1E7B\\u016D\\u00FC\\u01DC\\u01D8\\u01D6\\u01DA\\u1EE7\\u016F\\u0171\\u01D4\\u0215\\u0217\\u01B0\\u1EEB\\u1EE9\\u1EEF\\u1EED\\u1EF1\\u1EE5\\u1E73\\u0173\\u1E77\\u1E75\\u0289]","v":"[\\u0076\\u24E5\\uFF56\\u1E7D\\u1E7F\\u028B\\uA75F\\u028C]","vy":"[\\uA761]","w":"[\\u0077\\u24E6\\uFF57\\u1E81\\u1E83\\u0175\\u1E87\\u1E85\\u1E98\\u1E89\\u2C73]","x":"[\\u0078\\u24E7\\uFF58\\u1E8B\\u1E8D]","y":"[\\u0079\\u24E8\\uFF59\\u1EF3\\u00FD\\u0177\\u1EF9\\u0233\\u1E8F\\u00FF\\u1EF7\\u1E99\\u1EF5\\u01B4\\u024F\\u1EFF]","z":"[\\u007A\\u24E9\\uFF5A\\u017A\\u1E91\\u017C\\u017E\\u1E93\\u1E95\\u01B6\\u0225\\u0240\\u2C6C\\uA763]"},"researchesTests":["contentHasTOC","contentHasShortParagraphs","contentHasAssets","keywordInTitle","keywordInMetaDescription","keywordInPermalink","keywordIn10Percent","keywordInContent","keywordInSubheadings","keywordInImageAlt","keywordDensity","keywordNotUsed","lengthContent","lengthPermalink","linksHasInternal","linksHasExternals","linksNotAllExternals","titleStartWithKeyword","titleSentiment","titleHasPowerWords","titleHasNumber","hasContentAI"],"hasRedirection":false,"hasBreadcrumb":false},"homeUrl":"https:\/\/scandicorp.com\/fi","objectID":347,"objectType":"post","locale":"fi","localeFull":"fi","overlayImages":{"play":{"name":"Play icon","url":"https:\/\/scandicorp.com\/wp-content\/plugins\/seo-by-rank-math\/assets\/admin\/img\/icon-play.png","path":"\/var\/www\/html\/wp-content\/plugins\/seo-by-rank-math\/assets\/admin\/img\/icon-play.png","position":"middle_center"},"gif":{"name":"GIF icon","url":"https:\/\/scandicorp.com\/wp-content\/plugins\/seo-by-rank-math\/assets\/admin\/img\/icon-gif.png","path":"\/var\/www\/html\/wp-content\/plugins\/seo-by-rank-math\/assets\/admin\/img\/icon-gif.png","position":"middle_center"}},"defautOgImage":"https:\/\/scandicorp.com\/wp-content\/plugins\/seo-by-rank-math\/assets\/admin\/img\/social-placeholder.jpg","customPermalinks":true,"isUserRegistered":false,"autoSuggestKeywords":false,"connectSiteUrl":"https:\/\/rankmath.com\/auth?site=https%3A%2F%2Fscandicorp.com%2Ffi&r=https%3A%2F%2Fscandicorp.com%2Ffi%2Fwp-json%2Fwp%2Fv2%2Fpages%2F2274%3Fnonce%3D3537c4b5f3","maxTags":5,"trendsIcon":"<svg viewBox=\"0 0 610 610\"><path d=\"M18.85,446,174.32,290.48l58.08,58.08L76.93,504a14.54,14.54,0,0,1-20.55,0L18.83,466.48a14.54,14.54,0,0,1,0-20.55Z\" style=\"fill:#4285f4\"\/><path d=\"M242.65,242.66,377.59,377.6l-47.75,47.75a14.54,14.54,0,0,1-20.55,0L174.37,290.43l47.75-47.75A14.52,14.52,0,0,1,242.65,242.66Z\" style=\"fill:#ea4335\"\/><polygon points=\"319.53 319.53 479.26 159.8 537.34 217.88 377.61 377.62 319.53 319.53\" style=\"fill:#fabb05\"\/><path d=\"M594.26,262.73V118.61h0a16.94,16.94,0,0,0-16.94-16.94H433.2a16.94,16.94,0,0,0-12,28.92L565.34,274.71h0a16.94,16.94,0,0,0,28.92-12Z\" style=\"fill:#34a853\"\/><rect width=\"610\" height=\"610\" style=\"fill:none\"\/><\/svg>","showScore":true,"siteFavIcon":"data:image\/png;base64,iVBORw0KGgoAAAANSUhEUgAAABAAAAAQCAYAAAAf8\/9hAAABs0lEQVR4AWL4\/\/8\/RRjO8Iucx+noO0MWUDo16FYABMGP6ZfUcRnWtm27jVPbtm3bttuH2t3eFPcY9pLz7NxiLjCyVd87pKnHyqXyxtCs8APd0rnyxiu4qSeA3QEDrAwBDrT1s1Rc\/OrjLZwqVmOSu6+Lamcpp2KKMA9PH1BYXMe1mUP5qotvXTywsOEEYHXxrY+3cqk6TMkYpNr2FeoY3KIr0RPtn9wQ2unlA+GMkRw6+9TFw4YTwDUzx\/JVvARj9KaedXRO8P5B1Du2S32smzqUrcKGEyA+uAgQjKX7zf0boWHGfn71jIKj2689gxp7OAGShNcBUmLMPVjZuiKcA2vuWHHDCQxMCz629kXAIU4ApY15QwggAFbfOP9DhgBJ+nWVJ1AZAfICAj1pAlY6hCADZnveQf7bQIwzVONGJonhLIlS9gr5mFg44Xd+4S3XHoGNPdJl1INIwKyEgHckEhgTe1bGiFY9GSFBYUwLh1IkiJUbY407E7syBSFxKTszEoiE\/YdrgCEayDmtaJwCI9uu8TKMuZSVfSa4BpGgzvomBR\/INhLGzrqDotp01ZR8pn\/1L0JN9d9XNyx0AAAAAElFTkSuQmCC","canUser":{"general":false,"advanced":false,"snippet":false,"social":false,"analysis":false,"analytics":false,"content_ai":false},"showKeywordIntent":true,"isPro":false,"is_front_page":false,"trendsUpgradeLink":"https:\/\/rankmath.com\/pricing\/?utm_source=Plugin&utm_medium=CE%20General%20Tab%20Trends&utm_campaign=WP","trendsUpgradeLabel":"Upgrade","trendsPreviewImage":"https:\/\/scandicorp.com\/wp-content\/plugins\/seo-by-rank-math\/assets\/admin\/img\/trends-preview.jpg","currentEditor":false,"homepageData":{"assessor":{"powerWords":["uskomaton","h\u00e4mm\u00e4stytt\u00e4v\u00e4","ihmeellinen","ainutlaatuinen","kaunis","onnellisuus","loistava","kiehtova","karismaattinen","j\u00e4rkytt\u00e4v\u00e4","selke\u00e4","t\u00e4ysin","luottamuksellinen","luottamus","merkitt\u00e4v\u00e4","luova","ehdottomasti","herkullinen","todistaa","kiirehdi","p\u00e4\u00e4tt\u00e4v\u00e4inen","arvokas","dynaaminen","vaikuttava","v\u00e4ltt\u00e4m\u00e4t\u00f6n","inspiroiva","innovatiivinen","intensiivinen","tehokas","taianomainen","mahtava","historiallinen","t\u00e4rke\u00e4","uskomaton","v\u00e4ltt\u00e4m\u00e4t\u00f6n","unohtumaton","vastustamaton","legendaarinen","valoisa","ylellisyys","taianomainen","mahtava","majesteettinen","ikimuistoinen","ihmeellinen","ihmeellinen","motivoi","tarpeellinen","uusi","virallinen","t\u00e4ydellinen","intohimoinen","vakuuttava","ilmi\u00f6m\u00e4inen","ilo","suosittu","voima","arvostettu","ihmeellinen","syv\u00e4llinen","vauras","voimakas","laatu","s\u00e4teilev\u00e4","nopea","menestys","vallankumouksellinen","tyytyv\u00e4inen","turvallisuus","sensaatio","rauhallinen","ylellinen","loistava","jalo","yll\u00e4tt\u00e4v\u00e4","lahjakas","pelottava","ainutlaatuinen","arvo","eloisa","voittoisa","el\u00e4v\u00e4","todella","innostunut","aitoa","seikkailunhaluinen","upea","ainutlaatuinen","taattu","erityinen","fiksu","loistava","suuri","ilmainen","taitava","rajaton","virheet\u00f6n","pett\u00e4m\u00e4t\u00f6n","loputon","vaikutusvaltainen","nokkelia","ikimuistoinen","korvaamaton","johtaja","mestari","huomattava","uusi","uraauurtava","voimakas","tunnustettu","vallankumouksellinen","yll\u00e4tt\u00e4v\u00e4","ylivoimainen","voittoisa","ultra","rohkea","arvokas","edistyksellinen","voimakas","n\u00e4kemyksellinen","tahto","elint\u00e4rke\u00e4","voitto","kunniallinen","pys\u00e4ytt\u00e4m\u00e4t\u00f6n","verraton","\u00e4lyk\u00e4s","voittamaton","vapaus","ylpeys","rauha","edistys","uudistettu","viisaus","tyydytys","turvallinen","rauhallisuus","ylitys","lahjakkuus","ylitt\u00e4\u00e4","muutoksen","rohkeus","voitto"],"diacritics":true,"researchesTests":["contentHasTOC","contentHasShortParagraphs","contentHasAssets","keywordInTitle","keywordInMetaDescription","keywordInPermalink","keywordIn10Percent","keywordInContent","keywordInSubheadings","keywordInImageAlt","keywordDensity","keywordNotUsed","lengthContent","lengthPermalink","linksHasInternal","linksHasExternals","linksNotAllExternals","titleStartWithKeyword","titleSentiment","titleHasPowerWords","titleHasNumber","hasContentAI"],"hasBreadcrumb":false,"serpData":{"title":"%sitename% %page% %sep% %sitedesc%","description":"","titleTemplate":"%sitename% %page% %sep% %sitedesc%","descriptionTemplate":"","focusKeywords":"","breadcrumbTitle":"Home","robots":{"index":true},"advancedRobots":[],"facebookTitle":"","facebookDescription":"","facebookImage":"","facebookImageID":""}}},"tocTitle":"Table of Contents","tocExcludeHeadings":[],"listStyle":"ul"},"_links":{"self":[{"href":"https:\/\/scandicorp.com\/fi\/wp-json\/wp\/v2\/pages\/2274","targetHints":{"allow":["GET"]}}],"collection":[{"href":"https:\/\/scandicorp.com\/fi\/wp-json\/wp\/v2\/pages"}],"about":[{"href":"https:\/\/scandicorp.com\/fi\/wp-json\/wp\/v2\/types\/page"}],"author":[{"embeddable":true,"href":"https:\/\/scandicorp.com\/fi\/wp-json\/wp\/v2\/users\/2"}],"replies":[{"embeddable":true,"href":"https:\/\/scandicorp.com\/fi\/wp-json\/wp\/v2\/comments?post=2274"}],"version-history":[{"count":79,"href":"https:\/\/scandicorp.com\/fi\/wp-json\/wp\/v2\/pages\/2274\/revisions"}],"predecessor-version":[{"id":13090,"href":"https:\/\/scandicorp.com\/fi\/wp-json\/wp\/v2\/pages\/2274\/revisions\/13090"}],"wp:attachment":[{"href":"https:\/\/scandicorp.com\/fi\/wp-json\/wp\/v2\/media?parent=2274"}],"curies":[{"name":"wp","href":"https:\/\/api.w.org\/{rel}","templated":true}]}}